{"id":2013,"date":"2024-11-11T17:07:08","date_gmt":"2024-11-11T16:07:08","guid":{"rendered":"https:\/\/julia-miglus.de\/?page_id=2013"},"modified":"2026-04-10T15:38:23","modified_gmt":"2026-04-10T13:38:23","slug":"ausbildung","status":"publish","type":"page","link":"https:\/\/julia-miglus.de\/en\/ausbildung\/","title":{"rendered":"Ausbildung"},"content":{"rendered":"\n<h2 class=\"wp-block-heading\">SOMATISCHES FASZIENTRAINING<\/h2>\n\n\n\n<figure class=\"wp-block-embed is-type-video is-provider-youtube wp-block-embed-youtube wp-embed-aspect-16-9 wp-has-aspect-ratio\"><div class=\"wp-block-embed__wrapper\">\n<iframe loading=\"lazy\" hcb-fetch-image-from=\"https:\/\/www.youtube.com\/watch?v=T_VWH9kg8Fg\" title=\"Somatisches Faszientraining Ausbildung\" width=\"660\" height=\"371\" src=\"https:\/\/www.youtube.com\/embed\/T_VWH9kg8Fg?feature=oembed\" frameborder=\"0\" allow=\"accelerometer; autoplay; clipboard-write; encrypted-media; gyroscope; picture-in-picture; web-share\" referrerpolicy=\"strict-origin-when-cross-origin\" allowfullscreen><\/iframe>\n<\/div><\/figure>\n\n\n\n<h2 class=\"wp-block-heading\">Ausbildung \u2013 Intensivwochenenden &nbsp;2026<\/h2>\n\n\n\n<p>WAS IST SOMATISCHES FASZIENTRAINING?<br>Mit sanften Techniken und Faszienger\u00e4ten, wie z.B. der gro\u00dfen Rolle und dem Igelball, werden Verspannungen gel\u00f6st und das Gewebe aktiviert. Durch das Ankommen in der Tiefenentspannung und den Spannungsausgleich im gesamten K\u00f6rper k\u00f6nnen sich alte Bewegungsmuster l\u00f6sen und neue Kraft- und Bewegungsketten aufgebaut werden. Auf diese Weise entsteht im Gewebe zugleich Durchl\u00e4ssigkeit und Stabilit\u00e4t.<\/p>\n\n\n\n<p>AUSBILDUNG&nbsp;<br>An 3 Wochenendseminaren oder in einem Kompaktkurs (Montag bis Freitag) werden osteopathische Faszientechniken f\u00fcr das Training und anatomisches Hintergrund-Wissen vermittelt. Du erlernst \u00dcbungen f\u00fcr das Tiefengewebe aus verschiedenen Bereichen der K\u00f6rperarbeit (Faszienarbeit, Osteopathie, Yin Yoga, Feldenkrais und TCM) und erf\u00e4hrst mehr \u00fcber das komplexe Fasziensystem und seine Rolle in Heilungsprozessen.<\/p>\n\n\n\n<p>Die Wochenend-Seminare k\u00f6nnen auch einzeln belegt werden und sind sowohl als Bestandteil der Ausbildung, als auch f\u00fcr das \u00dcben und Erfahren mit sich selbst gedacht.<\/p>\n\n\n\n<p>KOMPAKTWOCHEN (5 Tage &#8211; Modul 1\u00a0-3)<br>Berlin\u00a0<strong>14.-18.09.2026<\/strong><br><a href=\"https:\/\/www.top-physio.com\/alle-kurs-1276-Osteopathisches-Faszientraining-Kursleiterausbildung-Ausbildung-Fortbildung\">Top-Physio Berlin<\/a><br>Hamburg <strong>2.-6.11.2026<\/strong> <br><a href=\"https:\/\/www.top-physio.com\/hamburg-kurs-1277-Osteopathisches-Faszientraining-Intensivkurs-Kursleiterausbildung-Ausbildung-Fortbildung\">Top-Physio Hamburg<\/a><br>Preis 780\u20ac<br><\/p>\n\n\n\n<p>&#8230;<\/p>\n\n\n\n<p>Modul 1&nbsp;&nbsp;<br>DIE H\u00dcLLE \u00d6FFNEN&nbsp;<br>Die 6 Faszienbahnen<br>\u2013&nbsp;Verkettungen im oberfl\u00e4chlichen&nbsp;Fasziensystem und dessen Behandlung<br>Modul 2&nbsp;&nbsp;<br>IN DIE TIEFE<br>Midline, Diaphragmen und Armlinien&nbsp;&nbsp;\u2013&nbsp;<br>Spannungsausgleich im tiefen Fasziensystem&nbsp;<br>Modul 3&nbsp;&nbsp;<br>IN DEN AUSGLEICH&nbsp;<br>Fasziengerechtes Dehnen mit Makro- und Mikrobewegungen, und Krankheitsbilder\u2013<br>Aktivieren des Fasziensystems und gezieltes Behandeln<\/p>\n\n\n\n<p>Daten der Module werden noch bekannt gegeben<\/p>\n\n\n\n<p>&#8230;<\/p>\n\n\n\n<p>Die Seminare sind f\u00fcr alle geeignet \u2013&nbsp;es sind keine Vorkenntnisse n\u00f6tig.&nbsp;<br>Alle 3 Module k\u00f6nnen einzeln oder als Paket gebucht werden.<br>Die Zertifizierung als Faszientrainer*in f\u00fcr Somatisches Faszientraining ist nach Teilnahme aller 3 Module m\u00f6glich (48UE)&nbsp;\u2013&nbsp;auch als Pr\u00e4ventionskursangebot (ZPP) f\u00fcr Physiotherapeuten.<\/p>\n\n\n\n<p>Ort: <br><strong>Top-Physio<\/strong> <strong>Hamburg<\/strong>, Stresemannstr. 161, 22769 Hamburg<br><strong>Top-Physio<\/strong> <strong>Berlin<\/strong>, Voltastr.3, 13355 Berlin<br><\/p>\n","protected":false},"excerpt":{"rendered":"<p>SOMATISCHES FASZIENTRAINING Ausbildung \u2013 Intensivwochenenden &nbsp;2026 WAS IST SOMATISCHES FASZIENTRAINING?Mit sanften Techniken und Faszienger\u00e4ten, wie z.B. der gro\u00dfen Rolle und dem Igelball, werden Verspannungen gel\u00f6st und das Gewebe aktiviert. Durch das Ankommen in der Tiefenentspannung und den Spannungsausgleich im gesamten K\u00f6rper k\u00f6nnen sich alte Bewegungsmuster l\u00f6sen und neue Kraft- und Bewegungsketten aufgebaut werden. Auf diese &hellip; <a href=\"https:\/\/julia-miglus.de\/en\/ausbildung\/\" class=\"more-link\">Continue reading <span class=\"screen-reader-text\">Ausbildung<\/span><\/a><\/p>\n","protected":false},"author":1,"featured_media":1376,"parent":0,"menu_order":0,"comment_status":"closed","ping_status":"closed","template":"","meta":{"footnotes":""},"class_list":["post-2013","page","type-page","status-publish","has-post-thumbnail","hentry"],"translation":{"provider":"WPGlobus","version":"3.0.0","language":"en","enabled_languages":["de","en"],"languages":{"de":{"title":true,"content":true,"excerpt":false},"en":{"title":false,"content":false,"excerpt":false}}},"yoast_head":"<!-- This site is optimized with the Yoast SEO plugin v25.3.1 - https:\/\/yoast.com\/wordpress\/plugins\/seo\/ -->\n<title>Ausbildung - Julia Miglus<\/title>\n<meta name=\"robots\" content=\"index, follow, max-snippet:-1, max-image-preview:large, max-video-preview:-1\" \/>\n<link rel=\"canonical\" href=\"https:\/\/julia-miglus.de\/ausbildung\/\" \/>\n<meta property=\"og:locale\" content=\"en_US\" \/>\n<meta property=\"og:type\" content=\"article\" \/>\n<meta property=\"og:title\" content=\"Ausbildung - Julia Miglus\" \/>\n<meta property=\"og:url\" content=\"https:\/\/julia-miglus.de\/ausbildung\/\" \/>\n<meta property=\"og:site_name\" content=\"Julia Miglus\" \/>\n<meta property=\"article:modified_time\" content=\"2026-04-10T13:38:23+00:00\" \/>\n<meta property=\"og:image\" content=\"https:\/\/julia-miglus.de\/wp-content\/uploads\/2023\/02\/cor22-class-handsroller-825x510px.jpg\" \/>\n\t<meta property=\"og:image:width\" content=\"825\" \/>\n\t<meta property=\"og:image:height\" content=\"510\" \/>\n\t<meta property=\"og:image:type\" content=\"image\/jpeg\" \/>\n<meta name=\"twitter:card\" content=\"summary_large_image\" \/>\n<meta name=\"twitter:label1\" content=\"Est. reading time\" \/>\n\t<meta name=\"twitter:data1\" content=\"2 minutes\" \/>\n<script type=\"application\/ld+json\" class=\"yoast-schema-graph\">{\"@context\":\"https:\/\/schema.org\",\"@graph\":[{\"@type\":\"WebPage\",\"@id\":\"https:\/\/julia-miglus.de\/ausbildung\/\",\"url\":\"https:\/\/julia-miglus.de\/ausbildung\/\",\"name\":\"Ausbildung - Julia Miglus\",\"isPartOf\":{\"@id\":\"https:\/\/julia-miglus.de\/#website\"},\"primaryImageOfPage\":{\"@id\":\"https:\/\/julia-miglus.de\/ausbildung\/#primaryimage\"},\"image\":{\"@id\":\"https:\/\/julia-miglus.de\/ausbildung\/#primaryimage\"},\"thumbnailUrl\":\"https:\/\/julia-miglus.de\/wp-content\/uploads\/2023\/02\/cor22-class-handsroller-825x510px.jpg\",\"datePublished\":\"2024-11-11T16:07:08+00:00\",\"dateModified\":\"2026-04-10T13:38:23+00:00\",\"breadcrumb\":{\"@id\":\"https:\/\/julia-miglus.de\/ausbildung\/#breadcrumb\"},\"inLanguage\":\"en-US\",\"potentialAction\":[{\"@type\":\"ReadAction\",\"target\":[\"https:\/\/julia-miglus.de\/ausbildung\/\"]}]},{\"@type\":\"ImageObject\",\"inLanguage\":\"en-US\",\"@id\":\"https:\/\/julia-miglus.de\/ausbildung\/#primaryimage\",\"url\":\"https:\/\/julia-miglus.de\/wp-content\/uploads\/2023\/02\/cor22-class-handsroller-825x510px.jpg\",\"contentUrl\":\"https:\/\/julia-miglus.de\/wp-content\/uploads\/2023\/02\/cor22-class-handsroller-825x510px.jpg\",\"width\":825,\"height\":510,\"caption\":\"Handroller\"},{\"@type\":\"BreadcrumbList\",\"@id\":\"https:\/\/julia-miglus.de\/ausbildung\/#breadcrumb\",\"itemListElement\":[{\"@type\":\"ListItem\",\"position\":1,\"name\":\"Startseite\",\"item\":\"https:\/\/julia-miglus.de\/\"},{\"@type\":\"ListItem\",\"position\":2,\"name\":\"Ausbildung\"}]},{\"@type\":\"WebSite\",\"@id\":\"https:\/\/julia-miglus.de\/#website\",\"url\":\"https:\/\/julia-miglus.de\/\",\"name\":\"Julia Miglus\",\"description\":\"K\u00f6rperarbeit. Therapie\",\"potentialAction\":[{\"@type\":\"SearchAction\",\"target\":{\"@type\":\"EntryPoint\",\"urlTemplate\":\"https:\/\/julia-miglus.de\/?s={search_term_string}\"},\"query-input\":{\"@type\":\"PropertyValueSpecification\",\"valueRequired\":true,\"valueName\":\"search_term_string\"}}],\"inLanguage\":\"en-US\"}]}<\/script>\n<!-- \/ Yoast SEO plugin. -->","yoast_head_json":{"title":"Ausbildung - Julia Miglus","robots":{"index":"index","follow":"follow","max-snippet":"max-snippet:-1","max-image-preview":"max-image-preview:large","max-video-preview":"max-video-preview:-1"},"canonical":"https:\/\/julia-miglus.de\/ausbildung\/","og_locale":"en_US","og_type":"article","og_title":"Ausbildung - Julia Miglus","og_url":"https:\/\/julia-miglus.de\/ausbildung\/","og_site_name":"Julia Miglus","article_modified_time":"2026-04-10T13:38:23+00:00","og_image":[{"width":825,"height":510,"url":"https:\/\/julia-miglus.de\/wp-content\/uploads\/2023\/02\/cor22-class-handsroller-825x510px.jpg","type":"image\/jpeg"}],"twitter_card":"summary_large_image","twitter_misc":{"Est. reading time":"2 minutes"},"schema":{"@context":"https:\/\/schema.org","@graph":[{"@type":"WebPage","@id":"https:\/\/julia-miglus.de\/ausbildung\/","url":"https:\/\/julia-miglus.de\/ausbildung\/","name":"Ausbildung - Julia Miglus","isPartOf":{"@id":"https:\/\/julia-miglus.de\/#website"},"primaryImageOfPage":{"@id":"https:\/\/julia-miglus.de\/ausbildung\/#primaryimage"},"image":{"@id":"https:\/\/julia-miglus.de\/ausbildung\/#primaryimage"},"thumbnailUrl":"https:\/\/julia-miglus.de\/wp-content\/uploads\/2023\/02\/cor22-class-handsroller-825x510px.jpg","datePublished":"2024-11-11T16:07:08+00:00","dateModified":"2026-04-10T13:38:23+00:00","breadcrumb":{"@id":"https:\/\/julia-miglus.de\/ausbildung\/#breadcrumb"},"inLanguage":"en-US","potentialAction":[{"@type":"ReadAction","target":["https:\/\/julia-miglus.de\/ausbildung\/"]}]},{"@type":"ImageObject","inLanguage":"en-US","@id":"https:\/\/julia-miglus.de\/ausbildung\/#primaryimage","url":"https:\/\/julia-miglus.de\/wp-content\/uploads\/2023\/02\/cor22-class-handsroller-825x510px.jpg","contentUrl":"https:\/\/julia-miglus.de\/wp-content\/uploads\/2023\/02\/cor22-class-handsroller-825x510px.jpg","width":825,"height":510,"caption":"Handroller"},{"@type":"BreadcrumbList","@id":"https:\/\/julia-miglus.de\/ausbildung\/#breadcrumb","itemListElement":[{"@type":"ListItem","position":1,"name":"Startseite","item":"https:\/\/julia-miglus.de\/"},{"@type":"ListItem","position":2,"name":"Ausbildung"}]},{"@type":"WebSite","@id":"https:\/\/julia-miglus.de\/#website","url":"https:\/\/julia-miglus.de\/","name":"Julia Miglus","description":"K\u00f6rperarbeit. Therapie","potentialAction":[{"@type":"SearchAction","target":{"@type":"EntryPoint","urlTemplate":"https:\/\/julia-miglus.de\/?s={search_term_string}"},"query-input":{"@type":"PropertyValueSpecification","valueRequired":true,"valueName":"search_term_string"}}],"inLanguage":"en-US"}]}},"_links":{"self":[{"href":"https:\/\/julia-miglus.de\/en\/wp-json\/wp\/v2\/pages\/2013","targetHints":{"allow":["GET"]}}],"collection":[{"href":"https:\/\/julia-miglus.de\/en\/wp-json\/wp\/v2\/pages"}],"about":[{"href":"https:\/\/julia-miglus.de\/en\/wp-json\/wp\/v2\/types\/page"}],"author":[{"embeddable":true,"href":"https:\/\/julia-miglus.de\/en\/wp-json\/wp\/v2\/users\/1"}],"replies":[{"embeddable":true,"href":"https:\/\/julia-miglus.de\/en\/wp-json\/wp\/v2\/comments?post=2013"}],"version-history":[{"count":22,"href":"https:\/\/julia-miglus.de\/en\/wp-json\/wp\/v2\/pages\/2013\/revisions"}],"predecessor-version":[{"id":2499,"href":"https:\/\/julia-miglus.de\/en\/wp-json\/wp\/v2\/pages\/2013\/revisions\/2499"}],"wp:featuredmedia":[{"embeddable":true,"href":"https:\/\/julia-miglus.de\/en\/wp-json\/wp\/v2\/media\/1376"}],"wp:attachment":[{"href":"https:\/\/julia-miglus.de\/en\/wp-json\/wp\/v2\/media?parent=2013"}],"curies":[{"name":"wp","href":"https:\/\/api.w.org\/{rel}","templated":true}]}}