{"id":181,"date":"2017-10-25T15:49:17","date_gmt":"2017-10-25T13:49:17","guid":{"rendered":"http:\/\/julia-miglus.de\/wordpress-julia\/wordpress\/?page_id=181"},"modified":"2024-04-22T11:15:52","modified_gmt":"2024-04-22T09:15:52","slug":"impressum","status":"publish","type":"page","link":"https:\/\/julia-miglus.de\/en\/impressum\/","title":{"rendered":"Impressum"},"content":{"rendered":"<h2><\/h2>\n<p>Inhaltlich Verantwortliche gem\u00e4\u00df \u00a7 55 Abs. 2 RStV:<\/p>\n<p>Julia Miglus Rullmann<br \/>\nMahlerstra\u00dfe 36<br \/>\n13088 Berlin<\/p>\n<p>Steuernummer: 35\/500\/00091<\/p>\n<p>Webdesign: Astrid Lange <a href=\"http:\/\/www.astrid-lange.de\">www.astrid-lange.de<\/a><br \/>\nRealisiert mit WordPress<\/p>\n<p>Fotos: Birgit Glatzel <a href=\"http:\/\/birgitglatzel.de\">www.birgitglatzel.de<\/a><\/p>\n<p>Haftungsausschluss\/Disclaimer<\/p>\n<p>Trotz sorgf\u00e4ltiger inhaltlicher Kontrolle wird keine Haftung f\u00fcr die Inhalte externer Links \u00fcbernommen. F\u00fcr den Inhalt verlinkter Seiten sind ausschlie\u00dflich deren Betreiber verantwortlich. Dass die Links weder gegen Sitten noch Gesetze versto\u00dfen, wurde gepr\u00fcft, bevor sie aufgenommen wurden.<\/p>\n","protected":false},"excerpt":{"rendered":"<p>Inhaltlich Verantwortliche gem\u00e4\u00df \u00a7 55 Abs. 2 RStV: Julia Miglus Rullmann Mahlerstra\u00dfe 36 13088 Berlin Steuernummer: 35\/500\/00091 Webdesign: Astrid Lange www.astrid-lange.de Realisiert mit WordPress Fotos: Birgit Glatzel www.birgitglatzel.de Haftungsausschluss\/Disclaimer Trotz sorgf\u00e4ltiger inhaltlicher Kontrolle wird keine Haftung f\u00fcr die Inhalte externer Links \u00fcbernommen. F\u00fcr den Inhalt verlinkter Seiten sind ausschlie\u00dflich deren Betreiber verantwortlich. Dass die Links &hellip; <a href=\"https:\/\/julia-miglus.de\/en\/impressum\/\" class=\"more-link\">Continue reading <span class=\"screen-reader-text\">Impressum<\/span><\/a><\/p>\n","protected":false},"author":1,"featured_media":1902,"parent":0,"menu_order":0,"comment_status":"closed","ping_status":"closed","template":"","meta":{"footnotes":""},"class_list":["post-181","page","type-page","status-publish","has-post-thumbnail","hentry"],"translation":{"provider":"WPGlobus","version":"3.0.0","language":"en","enabled_languages":["de","en"],"languages":{"de":{"title":true,"content":true,"excerpt":false},"en":{"title":false,"content":false,"excerpt":false}}},"yoast_head":"<!-- This site is optimized with the Yoast SEO plugin v25.3.1 - https:\/\/yoast.com\/wordpress\/plugins\/seo\/ -->\n<title>Impressum - Julia Miglus<\/title>\n<meta name=\"robots\" content=\"index, follow, max-snippet:-1, max-image-preview:large, max-video-preview:-1\" \/>\n<link rel=\"canonical\" href=\"https:\/\/julia-miglus.de\/impressum\/\" \/>\n<meta property=\"og:locale\" content=\"en_US\" \/>\n<meta property=\"og:type\" content=\"article\" \/>\n<meta property=\"og:title\" content=\"Impressum - Julia Miglus\" \/>\n<meta property=\"og:url\" content=\"https:\/\/julia-miglus.de\/impressum\/\" \/>\n<meta property=\"og:site_name\" content=\"Julia Miglus\" \/>\n<meta property=\"article:modified_time\" content=\"2024-04-22T09:15:52+00:00\" \/>\n<meta property=\"og:image\" content=\"https:\/\/julia-miglus.de\/wp-content\/uploads\/2024\/04\/weiss-round-sw-s.jpg\" \/>\n\t<meta property=\"og:image:width\" content=\"480\" \/>\n\t<meta property=\"og:image:height\" content=\"480\" \/>\n\t<meta property=\"og:image:type\" content=\"image\/jpeg\" \/>\n<meta name=\"twitter:card\" content=\"summary_large_image\" \/>\n<meta name=\"twitter:label1\" content=\"Est. reading time\" \/>\n\t<meta name=\"twitter:data1\" content=\"1 minute\" \/>\n<script type=\"application\/ld+json\" class=\"yoast-schema-graph\">{\"@context\":\"https:\/\/schema.org\",\"@graph\":[{\"@type\":\"WebPage\",\"@id\":\"https:\/\/julia-miglus.de\/impressum\/\",\"url\":\"https:\/\/julia-miglus.de\/impressum\/\",\"name\":\"Impressum - Julia Miglus\",\"isPartOf\":{\"@id\":\"https:\/\/julia-miglus.de\/#website\"},\"primaryImageOfPage\":{\"@id\":\"https:\/\/julia-miglus.de\/impressum\/#primaryimage\"},\"image\":{\"@id\":\"https:\/\/julia-miglus.de\/impressum\/#primaryimage\"},\"thumbnailUrl\":\"https:\/\/julia-miglus.de\/wp-content\/uploads\/2024\/04\/weiss-round-sw-s.jpg\",\"datePublished\":\"2017-10-25T13:49:17+00:00\",\"dateModified\":\"2024-04-22T09:15:52+00:00\",\"breadcrumb\":{\"@id\":\"https:\/\/julia-miglus.de\/impressum\/#breadcrumb\"},\"inLanguage\":\"en-US\",\"potentialAction\":[{\"@type\":\"ReadAction\",\"target\":[\"https:\/\/julia-miglus.de\/impressum\/\"]}]},{\"@type\":\"ImageObject\",\"inLanguage\":\"en-US\",\"@id\":\"https:\/\/julia-miglus.de\/impressum\/#primaryimage\",\"url\":\"https:\/\/julia-miglus.de\/wp-content\/uploads\/2024\/04\/weiss-round-sw-s.jpg\",\"contentUrl\":\"https:\/\/julia-miglus.de\/wp-content\/uploads\/2024\/04\/weiss-round-sw-s.jpg\",\"width\":480,\"height\":480},{\"@type\":\"BreadcrumbList\",\"@id\":\"https:\/\/julia-miglus.de\/impressum\/#breadcrumb\",\"itemListElement\":[{\"@type\":\"ListItem\",\"position\":1,\"name\":\"Startseite\",\"item\":\"https:\/\/julia-miglus.de\/\"},{\"@type\":\"ListItem\",\"position\":2,\"name\":\"Impressum\"}]},{\"@type\":\"WebSite\",\"@id\":\"https:\/\/julia-miglus.de\/#website\",\"url\":\"https:\/\/julia-miglus.de\/\",\"name\":\"Julia Miglus\",\"description\":\"K\u00f6rperarbeit. Therapie\",\"potentialAction\":[{\"@type\":\"SearchAction\",\"target\":{\"@type\":\"EntryPoint\",\"urlTemplate\":\"https:\/\/julia-miglus.de\/?s={search_term_string}\"},\"query-input\":{\"@type\":\"PropertyValueSpecification\",\"valueRequired\":true,\"valueName\":\"search_term_string\"}}],\"inLanguage\":\"en-US\"}]}<\/script>\n<!-- \/ Yoast SEO plugin. -->","yoast_head_json":{"title":"Impressum - Julia Miglus","robots":{"index":"index","follow":"follow","max-snippet":"max-snippet:-1","max-image-preview":"max-image-preview:large","max-video-preview":"max-video-preview:-1"},"canonical":"https:\/\/julia-miglus.de\/impressum\/","og_locale":"en_US","og_type":"article","og_title":"Impressum - Julia Miglus","og_url":"https:\/\/julia-miglus.de\/impressum\/","og_site_name":"Julia Miglus","article_modified_time":"2024-04-22T09:15:52+00:00","og_image":[{"width":480,"height":480,"url":"https:\/\/julia-miglus.de\/wp-content\/uploads\/2024\/04\/weiss-round-sw-s.jpg","type":"image\/jpeg"}],"twitter_card":"summary_large_image","twitter_misc":{"Est. reading time":"1 minute"},"schema":{"@context":"https:\/\/schema.org","@graph":[{"@type":"WebPage","@id":"https:\/\/julia-miglus.de\/impressum\/","url":"https:\/\/julia-miglus.de\/impressum\/","name":"Impressum - Julia Miglus","isPartOf":{"@id":"https:\/\/julia-miglus.de\/#website"},"primaryImageOfPage":{"@id":"https:\/\/julia-miglus.de\/impressum\/#primaryimage"},"image":{"@id":"https:\/\/julia-miglus.de\/impressum\/#primaryimage"},"thumbnailUrl":"https:\/\/julia-miglus.de\/wp-content\/uploads\/2024\/04\/weiss-round-sw-s.jpg","datePublished":"2017-10-25T13:49:17+00:00","dateModified":"2024-04-22T09:15:52+00:00","breadcrumb":{"@id":"https:\/\/julia-miglus.de\/impressum\/#breadcrumb"},"inLanguage":"en-US","potentialAction":[{"@type":"ReadAction","target":["https:\/\/julia-miglus.de\/impressum\/"]}]},{"@type":"ImageObject","inLanguage":"en-US","@id":"https:\/\/julia-miglus.de\/impressum\/#primaryimage","url":"https:\/\/julia-miglus.de\/wp-content\/uploads\/2024\/04\/weiss-round-sw-s.jpg","contentUrl":"https:\/\/julia-miglus.de\/wp-content\/uploads\/2024\/04\/weiss-round-sw-s.jpg","width":480,"height":480},{"@type":"BreadcrumbList","@id":"https:\/\/julia-miglus.de\/impressum\/#breadcrumb","itemListElement":[{"@type":"ListItem","position":1,"name":"Startseite","item":"https:\/\/julia-miglus.de\/"},{"@type":"ListItem","position":2,"name":"Impressum"}]},{"@type":"WebSite","@id":"https:\/\/julia-miglus.de\/#website","url":"https:\/\/julia-miglus.de\/","name":"Julia Miglus","description":"K\u00f6rperarbeit. Therapie","potentialAction":[{"@type":"SearchAction","target":{"@type":"EntryPoint","urlTemplate":"https:\/\/julia-miglus.de\/?s={search_term_string}"},"query-input":{"@type":"PropertyValueSpecification","valueRequired":true,"valueName":"search_term_string"}}],"inLanguage":"en-US"}]}},"_links":{"self":[{"href":"https:\/\/julia-miglus.de\/en\/wp-json\/wp\/v2\/pages\/181","targetHints":{"allow":["GET"]}}],"collection":[{"href":"https:\/\/julia-miglus.de\/en\/wp-json\/wp\/v2\/pages"}],"about":[{"href":"https:\/\/julia-miglus.de\/en\/wp-json\/wp\/v2\/types\/page"}],"author":[{"embeddable":true,"href":"https:\/\/julia-miglus.de\/en\/wp-json\/wp\/v2\/users\/1"}],"replies":[{"embeddable":true,"href":"https:\/\/julia-miglus.de\/en\/wp-json\/wp\/v2\/comments?post=181"}],"version-history":[{"count":9,"href":"https:\/\/julia-miglus.de\/en\/wp-json\/wp\/v2\/pages\/181\/revisions"}],"predecessor-version":[{"id":609,"href":"https:\/\/julia-miglus.de\/en\/wp-json\/wp\/v2\/pages\/181\/revisions\/609"}],"wp:featuredmedia":[{"embeddable":true,"href":"https:\/\/julia-miglus.de\/en\/wp-json\/wp\/v2\/media\/1902"}],"wp:attachment":[{"href":"https:\/\/julia-miglus.de\/en\/wp-json\/wp\/v2\/media?parent=181"}],"curies":[{"name":"wp","href":"https:\/\/api.w.org\/{rel}","templated":true}]}}