{"id":1577,"date":"2023-02-22T14:15:13","date_gmt":"2023-02-22T13:15:13","guid":{"rendered":"https:\/\/julia-miglus.de\/?page_id=1577"},"modified":"2025-03-14T22:57:49","modified_gmt":"2025-03-14T21:57:49","slug":"kontakt","status":"publish","type":"page","link":"https:\/\/julia-miglus.de\/en\/kontakt\/","title":{"rendered":"Kontakt"},"content":{"rendered":"\n<h2 class=\"wp-block-heading\">JULIA MIGLUS<\/h2>\n\n\n\n<p><strong>cornus praxis<\/strong>, Gustav-Adolf-Str.159, 13086 Berlin<br>fon +49 173 2362366, mail <a href=\"mailto:info@julia-miglus.de\">info@julia-miglus.de<\/a><\/p>\n\n\n\n<h2 class=\"wp-block-heading\">\u00dcBER MICH<\/h2>\n\n\n\n<p>Heilung ist ein nie endender Prozess.<br>In meiner Arbeit m\u00f6chte ich ein Bewusstsein f\u00fcr Bewegung, Entspannung und das Ankommen im eigenen K\u00f6rper vermitteln \u2013 und so M\u00f6glichkeiten f\u00fcr ein neues individuelles Gleichgewicht aufzeigen.<br>Schon von Kindheit an waren R\u00fcckenschmerzen mein Begleiter. Als ich mit Mitte zwanzig\u00a0 das erste Mal eine k\u00f6rpertherapeutische Behandlung in Anspruch nahm und gleichzeitig Qi Gong, Yoga und Meditation entdeckte, wusste ich damals noch nicht, dass dies mein Leben auf vielen Ebenen ver\u00e4ndern w\u00fcrde.\u00a0Nach meinem Architekturstudium und einigen Jahren B\u00fcrot\u00e4tigkeit, entstand der Entschluss in einen Heilberuf zu wechseln \u2013 <br>diese Bauchentscheidung habe ich kein einziges Mal bereut.<br>Seither erschlie\u00dfen sich f\u00fcr mich immer weitere Zusammenh\u00e4nge im Bereich K\u00f6rperarbeit und Therapie \u2013 und noch immer ist der Weg nicht zu Ende, Antworten f\u00fcr Schmerzursachen und Dysbalancen zu finden.<br><\/p>\n\n\n\n<h2 class=\"wp-block-heading\">QUALIFIKATION<\/h2>\n\n\n\n<p>Heilpraktikerin f\u00fcr Physiotherapie, Manualtherapeutin, Kinderbobath-Therapeutin, Fascial Manipulation nach Stecco LI, Zert. Parietale \/ Craniosacrale \/ Viszerale Osteopathie Cura-Akademie,<br>Pilatestrainerin (Polestar), Faszientrainerin und Ausbilderin<br>Mitglied bvFO Berufsverband f\u00fcr funktionelle Osteopathie e.V.<\/p>\n\n\n\n<h2 class=\"wp-block-heading\"><em>ABOUT ME<\/em><\/h2>\n\n\n\n<p><em>Healing is a never-ending process.<\/em><br><em>In my work I want to give an awareness of  movement, relaxation and the arriving in the body <em>&#8211;<\/em> and show possibilities for a new individual state of balance.<\/em><br><em>Back pain has been my companion since childhood. When I took advantage of body therapy treatment for the first time in my mid-twenties and discovered Qi Gong, yoga and meditation at the same time, I didn&#8217;t know hat this would change my life on many levels. After studying architecture and working in an office for a few years, I decided to switch to a medical profession &#8211;<\/em><br><em>I have never once regretted this decision.<\/em><br><em>Since then, I have discovered more and more relations in the fields of \u200b\u200bbody work and therapy &#8211; and the journey to finding answers to the causes of pain and imbalances is still not over.<\/em><\/p>\n\n\n\n<h2 class=\"wp-block-heading\"><em>QUALIFICATION<\/em><\/h2>\n\n\n\n<p><em>Alternative practitioner for physiotherapy, manual therapist, children&#8217;s Bobath therapist, fascial manipulation according to Stecco LI, certified. Parietal \/ Craniosacral \/ Visceral Osteopathy Cura Academy,<\/em><br><em>Pilates trainer (Polestar), fascia trainer and instructor<\/em><br><em>Member of bvFO Professional Association for Functional Osteopathy e.V.<\/em><\/p>\n","protected":false},"excerpt":{"rendered":"<p>JULIA MIGLUS cornus praxis, Gustav-Adolf-Str.159, 13086 Berlinfon +49 173 2362366, mail info@julia-miglus.de \u00dcBER MICH Heilung ist ein nie endender Prozess.In meiner Arbeit m\u00f6chte ich ein Bewusstsein f\u00fcr Bewegung, Entspannung und das Ankommen im eigenen K\u00f6rper vermitteln \u2013 und so M\u00f6glichkeiten f\u00fcr ein neues individuelles Gleichgewicht aufzeigen.Schon von Kindheit an waren R\u00fcckenschmerzen mein Begleiter. Als ich &hellip; <a href=\"https:\/\/julia-miglus.de\/en\/kontakt\/\" class=\"more-link\">Continue reading <span class=\"screen-reader-text\">Kontakt<\/span><\/a><\/p>\n","protected":false},"author":1,"featured_media":1908,"parent":0,"menu_order":0,"comment_status":"closed","ping_status":"closed","template":"","meta":{"footnotes":""},"class_list":["post-1577","page","type-page","status-publish","has-post-thumbnail","hentry"],"translation":{"provider":"WPGlobus","version":"3.0.0","language":"en","enabled_languages":["de","en"],"languages":{"de":{"title":true,"content":true,"excerpt":false},"en":{"title":false,"content":false,"excerpt":false}}},"yoast_head":"<!-- This site is optimized with the Yoast SEO plugin v25.3.1 - https:\/\/yoast.com\/wordpress\/plugins\/seo\/ -->\n<title>Kontakt - Julia Miglus<\/title>\n<meta name=\"robots\" content=\"index, follow, max-snippet:-1, max-image-preview:large, max-video-preview:-1\" \/>\n<link rel=\"canonical\" href=\"https:\/\/julia-miglus.de\/kontakt\/\" \/>\n<meta property=\"og:locale\" content=\"en_US\" \/>\n<meta property=\"og:type\" content=\"article\" \/>\n<meta property=\"og:title\" content=\"Kontakt - Julia Miglus\" \/>\n<meta property=\"og:url\" content=\"https:\/\/julia-miglus.de\/kontakt\/\" \/>\n<meta property=\"og:site_name\" content=\"Julia Miglus\" \/>\n<meta property=\"article:modified_time\" content=\"2025-03-14T21:57:49+00:00\" \/>\n<meta property=\"og:image\" content=\"https:\/\/julia-miglus.de\/wp-content\/uploads\/2024\/04\/julia-portait-neu.jpg\" \/>\n\t<meta property=\"og:image:width\" content=\"825\" \/>\n\t<meta property=\"og:image:height\" content=\"510\" \/>\n\t<meta property=\"og:image:type\" content=\"image\/jpeg\" \/>\n<meta name=\"twitter:card\" content=\"summary_large_image\" \/>\n<meta name=\"twitter:label1\" content=\"Est. reading time\" \/>\n\t<meta name=\"twitter:data1\" content=\"2 minutes\" \/>\n<script type=\"application\/ld+json\" class=\"yoast-schema-graph\">{\"@context\":\"https:\/\/schema.org\",\"@graph\":[{\"@type\":\"WebPage\",\"@id\":\"https:\/\/julia-miglus.de\/kontakt\/\",\"url\":\"https:\/\/julia-miglus.de\/kontakt\/\",\"name\":\"Kontakt - Julia Miglus\",\"isPartOf\":{\"@id\":\"https:\/\/julia-miglus.de\/#website\"},\"primaryImageOfPage\":{\"@id\":\"https:\/\/julia-miglus.de\/kontakt\/#primaryimage\"},\"image\":{\"@id\":\"https:\/\/julia-miglus.de\/kontakt\/#primaryimage\"},\"thumbnailUrl\":\"https:\/\/julia-miglus.de\/wp-content\/uploads\/2024\/04\/julia-portait-neu.jpg\",\"datePublished\":\"2023-02-22T13:15:13+00:00\",\"dateModified\":\"2025-03-14T21:57:49+00:00\",\"breadcrumb\":{\"@id\":\"https:\/\/julia-miglus.de\/kontakt\/#breadcrumb\"},\"inLanguage\":\"en-US\",\"potentialAction\":[{\"@type\":\"ReadAction\",\"target\":[\"https:\/\/julia-miglus.de\/kontakt\/\"]}]},{\"@type\":\"ImageObject\",\"inLanguage\":\"en-US\",\"@id\":\"https:\/\/julia-miglus.de\/kontakt\/#primaryimage\",\"url\":\"https:\/\/julia-miglus.de\/wp-content\/uploads\/2024\/04\/julia-portait-neu.jpg\",\"contentUrl\":\"https:\/\/julia-miglus.de\/wp-content\/uploads\/2024\/04\/julia-portait-neu.jpg\",\"width\":825,\"height\":510},{\"@type\":\"BreadcrumbList\",\"@id\":\"https:\/\/julia-miglus.de\/kontakt\/#breadcrumb\",\"itemListElement\":[{\"@type\":\"ListItem\",\"position\":1,\"name\":\"Startseite\",\"item\":\"https:\/\/julia-miglus.de\/\"},{\"@type\":\"ListItem\",\"position\":2,\"name\":\"Kontakt\"}]},{\"@type\":\"WebSite\",\"@id\":\"https:\/\/julia-miglus.de\/#website\",\"url\":\"https:\/\/julia-miglus.de\/\",\"name\":\"Julia Miglus\",\"description\":\"K\u00f6rperarbeit. Therapie\",\"potentialAction\":[{\"@type\":\"SearchAction\",\"target\":{\"@type\":\"EntryPoint\",\"urlTemplate\":\"https:\/\/julia-miglus.de\/?s={search_term_string}\"},\"query-input\":{\"@type\":\"PropertyValueSpecification\",\"valueRequired\":true,\"valueName\":\"search_term_string\"}}],\"inLanguage\":\"en-US\"}]}<\/script>\n<!-- \/ Yoast SEO plugin. -->","yoast_head_json":{"title":"Kontakt - Julia Miglus","robots":{"index":"index","follow":"follow","max-snippet":"max-snippet:-1","max-image-preview":"max-image-preview:large","max-video-preview":"max-video-preview:-1"},"canonical":"https:\/\/julia-miglus.de\/kontakt\/","og_locale":"en_US","og_type":"article","og_title":"Kontakt - Julia Miglus","og_url":"https:\/\/julia-miglus.de\/kontakt\/","og_site_name":"Julia Miglus","article_modified_time":"2025-03-14T21:57:49+00:00","og_image":[{"width":825,"height":510,"url":"https:\/\/julia-miglus.de\/wp-content\/uploads\/2024\/04\/julia-portait-neu.jpg","type":"image\/jpeg"}],"twitter_card":"summary_large_image","twitter_misc":{"Est. reading time":"2 minutes"},"schema":{"@context":"https:\/\/schema.org","@graph":[{"@type":"WebPage","@id":"https:\/\/julia-miglus.de\/kontakt\/","url":"https:\/\/julia-miglus.de\/kontakt\/","name":"Kontakt - Julia Miglus","isPartOf":{"@id":"https:\/\/julia-miglus.de\/#website"},"primaryImageOfPage":{"@id":"https:\/\/julia-miglus.de\/kontakt\/#primaryimage"},"image":{"@id":"https:\/\/julia-miglus.de\/kontakt\/#primaryimage"},"thumbnailUrl":"https:\/\/julia-miglus.de\/wp-content\/uploads\/2024\/04\/julia-portait-neu.jpg","datePublished":"2023-02-22T13:15:13+00:00","dateModified":"2025-03-14T21:57:49+00:00","breadcrumb":{"@id":"https:\/\/julia-miglus.de\/kontakt\/#breadcrumb"},"inLanguage":"en-US","potentialAction":[{"@type":"ReadAction","target":["https:\/\/julia-miglus.de\/kontakt\/"]}]},{"@type":"ImageObject","inLanguage":"en-US","@id":"https:\/\/julia-miglus.de\/kontakt\/#primaryimage","url":"https:\/\/julia-miglus.de\/wp-content\/uploads\/2024\/04\/julia-portait-neu.jpg","contentUrl":"https:\/\/julia-miglus.de\/wp-content\/uploads\/2024\/04\/julia-portait-neu.jpg","width":825,"height":510},{"@type":"BreadcrumbList","@id":"https:\/\/julia-miglus.de\/kontakt\/#breadcrumb","itemListElement":[{"@type":"ListItem","position":1,"name":"Startseite","item":"https:\/\/julia-miglus.de\/"},{"@type":"ListItem","position":2,"name":"Kontakt"}]},{"@type":"WebSite","@id":"https:\/\/julia-miglus.de\/#website","url":"https:\/\/julia-miglus.de\/","name":"Julia Miglus","description":"K\u00f6rperarbeit. Therapie","potentialAction":[{"@type":"SearchAction","target":{"@type":"EntryPoint","urlTemplate":"https:\/\/julia-miglus.de\/?s={search_term_string}"},"query-input":{"@type":"PropertyValueSpecification","valueRequired":true,"valueName":"search_term_string"}}],"inLanguage":"en-US"}]}},"_links":{"self":[{"href":"https:\/\/julia-miglus.de\/en\/wp-json\/wp\/v2\/pages\/1577","targetHints":{"allow":["GET"]}}],"collection":[{"href":"https:\/\/julia-miglus.de\/en\/wp-json\/wp\/v2\/pages"}],"about":[{"href":"https:\/\/julia-miglus.de\/en\/wp-json\/wp\/v2\/types\/page"}],"author":[{"embeddable":true,"href":"https:\/\/julia-miglus.de\/en\/wp-json\/wp\/v2\/users\/1"}],"replies":[{"embeddable":true,"href":"https:\/\/julia-miglus.de\/en\/wp-json\/wp\/v2\/comments?post=1577"}],"version-history":[{"count":9,"href":"https:\/\/julia-miglus.de\/en\/wp-json\/wp\/v2\/pages\/1577\/revisions"}],"predecessor-version":[{"id":2259,"href":"https:\/\/julia-miglus.de\/en\/wp-json\/wp\/v2\/pages\/1577\/revisions\/2259"}],"wp:featuredmedia":[{"embeddable":true,"href":"https:\/\/julia-miglus.de\/en\/wp-json\/wp\/v2\/media\/1908"}],"wp:attachment":[{"href":"https:\/\/julia-miglus.de\/en\/wp-json\/wp\/v2\/media?parent=1577"}],"curies":[{"name":"wp","href":"https:\/\/api.w.org\/{rel}","templated":true}]}}