{"id":1569,"date":"2023-02-22T14:02:40","date_gmt":"2023-02-22T13:02:40","guid":{"rendered":"https:\/\/julia-miglus.de\/?page_id=1569"},"modified":"2026-04-17T19:22:32","modified_gmt":"2026-04-17T17:22:32","slug":"therapie-3","status":"publish","type":"page","link":"https:\/\/julia-miglus.de\/en\/therapie-3\/","title":{"rendered":"Therapie"},"content":{"rendered":"\n<div style=\"height:4px\" aria-hidden=\"true\" class=\"wp-block-spacer\"><\/div>\n\n\n\n<div class=\"wp-block-buttons is-layout-flex wp-block-buttons-is-layout-flex\">\n<div class=\"wp-block-button is-style-fill\"><a class=\"wp-block-button__link wp-element-button\" href=\"https:\/\/julia-miglus.de\/termin\/\">TERMIN BUCHEN<\/a><\/div>\n<\/div>\n\n\n\n<h2 class=\"wp-block-heading\">FASZIENBEHANDLUNGEN<\/h2>\n\n\n\n<p>Faszien sind das wesentliche St\u00fctzgewebe und gr\u00f6\u00dfte Organ unseres K\u00f6rpers. Heute wird diese Struktur f\u00fcr viele k\u00f6rperliche Beschwerden verantwortlich gemacht \u2013 wie zum Beispiel Schmerzen, Verspannungen oder nicht vollst\u00e4ndig verheilende Verletzungen. Dieses langsam reagierende und im ganzen K\u00f6rper vernetzte Gewebe kann durch spezifische Techniken beeinflusst und neu ausgerichtet werden. Ziel in der Behandlung ist der Ausgleich zwischen dem neuronalen, faszialen und organischen System.<\/p>\n\n\n\n<h2 class=\"wp-block-heading\">OSTEOPATHISCHE TECHNIKEN <\/h2>\n\n\n\n<p>Osteopathie ist eine manuelle Behandlungsmethode mit ganzheitlichem Ansatz. Grundlage der Osteopathie sind Anatomie, Physiologie und Biochemie des menschlichen K\u00f6rpers. Sie besteht aus den parietalen (Schwerpunkt Faszien), viszeralen (Schwerpunkt Organe) und craniosacralen (Schwerpunkt Zentrales Nervensystem) Bereichen. Alle Gewebe des menschlichen K\u00f6rpers stehen direkt oder indirekt miteinander in Verbindung und St\u00f6rungen k\u00f6nnen sich auf diesem Weg fortsetzen. Die m\u00f6glichen Ursachen f\u00fcr eine Dysfunktion und des daraus entstendenen Symptoms k\u00f6nnen weit voneinander entfernt und in verschiedenen Organsystemen liegen. Feste Segmente der Wirbels\u00e4ule k\u00f6nnen den gesamten Bewegungsapparat beeinflussen und auch Blockierungen an anderen Stellen verursachen. Mit manuellen und osteopathischen Techniken wird die Beweglichkeit der Wirbels\u00e4ule und in den angrenzenden Bereichen verbessert bzw. wiederhergestellt \u2013 die Strukturen des K\u00f6rpers finden wieder in das Gleichgewicht.<\/p>\n\n\n\n<h2 class=\"wp-block-heading\">OSTEOPATHISCHE TECHNIKEN UND MANUELLE THERAPIE&nbsp;F\u00dcR S\u00c4UGLINGE UND KINDER<\/h2>\n\n\n\n<p>Das Ankommen im eigenen K\u00f6rper ist die Basis f\u00fcr eine gute Entwicklung.Asymmetrien in Ruhe oder Bewegung und seelische Unausgeglichenheit sind oft ein wichtiger Hinweis f\u00fcr Blockierungen oder Dysbalancen. Bei Kindern sind diese Muster meist nicht manifestiert und k\u00f6nnen durch manuelle und osteopathische Techniken in den entsprechenden Zeitfenstern gut beeinflusst werden.&nbsp;Durch diese sanfte Unterst\u00fctzung werden das K\u00f6rperschema und die Grundspannung ausgeglichen \u2013 so kann eine neue ausgewogenere Ausrichtung entstehen. Neugeborenen-Sprechstunde empfohlen zwischen der 6. und 8. Woche nach der Geburt.<\/p>\n\n\n\n<h2 class=\"wp-block-heading\">PHYSIOTHERAPIE (privat)<\/h2>\n\n\n\n<p>Bei chronischen oder akuten Beschwerden werden eine umfassende Befundung erstellt, ganzheitliche Behandlungsmethoden angewendet und auf Wunsch gemeinsam individuelle Trainingspl\u00e4ne entwickelt.<br>Pers\u00f6nliche Betreuung in folgenden Methoden:<br>Manuelle Therapie, Krankengymnastik, medizinische Massagen, KG ZNS Bobath (auch f\u00fcr Kinder), Triggerpunktbehandlungen, pr\u00e4ventive und rehabilitative Therapieans\u00e4tze<\/p>\n\n\n\n<h2 class=\"wp-block-heading\">Preise<\/h2>\n\n\n\n<p>60min&nbsp;90\u20ac, Kinder 45min 70\u20ac <br>Behandlungskosten k\u00f6nnen durch private Krankenversicherungen oder durch eine Heilpraktiker-Zusatzversicherung \u00fcbernommen werden. Viele Krankenkassen bezuschussen die Osteopathie \u2013 bitte informieren Sie sich.<br>Sozialhonorar nach Absprache m\u00f6glich.<\/p>\n\n\n\n<figure class=\"wp-block-image size-full is-resized rund\"><img loading=\"lazy\" decoding=\"async\" width=\"307\" height=\"307\" src=\"https:\/\/julia-miglus.de\/wp-content\/uploads\/therapie3.jpg\" alt=\"\" class=\"wp-image-1988\" style=\"width:200px\"\/><\/figure>\n\n\n\n<figure class=\"wp-block-image size-full is-resized rund\"><img loading=\"lazy\" decoding=\"async\" width=\"307\" height=\"307\" src=\"https:\/\/julia-miglus.de\/wp-content\/uploads\/therapie2.jpg\" alt=\"\" class=\"wp-image-1989\" style=\"width:200px\"\/><\/figure>\n\n\n\n<figure class=\"wp-block-image size-full is-resized rund\"><img loading=\"lazy\" decoding=\"async\" width=\"307\" height=\"307\" src=\"https:\/\/julia-miglus.de\/wp-content\/uploads\/therapie1.jpg\" alt=\"\" class=\"wp-image-1990\" style=\"width:200px\"\/><\/figure>\n\n\n\n<h2 class=\"wp-block-heading\"><em>FASCIA TREATMENTS<\/em><\/h2>\n\n\n\n<p><em>Fascia is the essential supporting tissue and largest organ in our body. Today, this structure is made responsible for many physical issues &#8211; such as pain, tension or injuries that do not heal completely. This slow-reacting tissue, which is connected throughout the body, can be influenced and realigned using specific techniques. The aim of the treatment is to balance the neural, fascial and organic system.<\/em><\/p>\n\n\n\n<h2 class=\"wp-block-heading\"><em>OSTEOPATHIC TECHNIQUES <\/em><\/h2>\n\n\n\n<p><em>Osteopathy is a manual treatment method with a holistic approach. It is based on the anatomy, physiology and biochemistry of the human body and consists of parietal (focus on fascia), visceral (focus on organs) and craniosacral (focus on the central nervous system) areas. All tissues in the human body are directly or indirectly connected to each other and disorders can continue along this path.&nbsp;<br>The possible causes of dysfunction and the resulting symptoms can be far apart and in different organ systems. Tight segments of the spine can affect the entire musculoskeletal system and also cause blockages in other places. Using manual and osteopathic techniques, the mobility of the spine and adjoining areas is improved or restored &#8211; the body&#8217;s structures find balance again.<\/em><\/p>\n\n\n\n<h2 class=\"wp-block-heading\"><em>OSTEOPATHIC TECHNIQUES <\/em><\/h2>\n\n\n\n<p><em>Arriving in one&#8217;s own body is the foundation for healthy development. Asymmetries at rest or in movement, and emotional imbalances are often important indicators of blockages. In children, these patterns are usually not yet manifest and can be effectively influenced by manual and osteopathic techniques. This gentle support balances the body schema and basic tension, allowing a new, more balanced alignment to emerge. A newborn consultation is recommended between the 6th and 8th week after birth.<\/em><\/p>\n\n\n\n<h2 class=\"wp-block-heading\"><em>PHYSIOTHERAPY (private)<\/em><\/h2>\n\n\n\n<p><br><em>For chronic or acute conditions, a comprehensive assessment is conducted, holistic treatment methods are applied, and, upon request, individualized training plans are developed in collaboration with you.<\/em><br><em>Personalized care is offered using the following methods:<br>Manual therapy, physiotherapy, medical massage, trigger point therapy, Bobath therapy for neurological conditions (also for children), and preventive and rehabilitative therapy approaches.<\/em><\/p>\n\n\n\n<h2 class=\"wp-block-heading\"><em>Prices<\/em><\/h2>\n\n\n\n<p><em>60min 90\u20ac, children 45min 70\u20ac<br>Treatment costs can be covered by private health insurance or by additional insurance for alternative practitioners. Many health insurance companies subsidize osteopathy &#8211; please find out more.<\/em><br><em>Social fees possible upon agreement.<\/em><\/p>\n\n\n\n<p><\/p>\n","protected":false},"excerpt":{"rendered":"<p>FASZIENBEHANDLUNGEN Faszien sind das wesentliche St\u00fctzgewebe und gr\u00f6\u00dfte Organ unseres K\u00f6rpers. Heute wird diese Struktur f\u00fcr viele k\u00f6rperliche Beschwerden verantwortlich gemacht \u2013 wie zum Beispiel Schmerzen, Verspannungen oder nicht vollst\u00e4ndig verheilende Verletzungen. Dieses langsam reagierende und im ganzen K\u00f6rper vernetzte Gewebe kann durch spezifische Techniken beeinflusst und neu ausgerichtet werden. Ziel in der Behandlung ist &hellip; <a href=\"https:\/\/julia-miglus.de\/en\/therapie-3\/\" class=\"more-link\">Continue reading <span class=\"screen-reader-text\">Therapie<\/span><\/a><\/p>\n","protected":false},"author":1,"featured_media":1377,"parent":0,"menu_order":0,"comment_status":"closed","ping_status":"closed","template":"","meta":{"footnotes":""},"class_list":["post-1569","page","type-page","status-publish","has-post-thumbnail","hentry"],"translation":{"provider":"WPGlobus","version":"3.0.0","language":"en","enabled_languages":["de","en"],"languages":{"de":{"title":true,"content":true,"excerpt":false},"en":{"title":false,"content":false,"excerpt":false}}},"yoast_head":"<!-- This site is optimized with the Yoast SEO plugin v25.3.1 - https:\/\/yoast.com\/wordpress\/plugins\/seo\/ -->\n<title>Therapie - Julia Miglus<\/title>\n<meta name=\"robots\" content=\"index, follow, max-snippet:-1, max-image-preview:large, max-video-preview:-1\" \/>\n<link rel=\"canonical\" href=\"https:\/\/julia-miglus.de\/therapie-3\/\" \/>\n<meta property=\"og:locale\" content=\"en_US\" \/>\n<meta property=\"og:type\" content=\"article\" \/>\n<meta property=\"og:title\" content=\"Therapie - Julia Miglus\" \/>\n<meta property=\"og:url\" content=\"https:\/\/julia-miglus.de\/therapie-3\/\" \/>\n<meta property=\"og:site_name\" content=\"Julia Miglus\" \/>\n<meta property=\"article:modified_time\" content=\"2026-04-17T17:22:32+00:00\" \/>\n<meta property=\"og:image\" content=\"https:\/\/julia-miglus.de\/wp-content\/uploads\/2023\/02\/cor22-int-lavendel-825x510px.jpg\" \/>\n\t<meta property=\"og:image:width\" content=\"825\" \/>\n\t<meta property=\"og:image:height\" content=\"510\" \/>\n\t<meta property=\"og:image:type\" content=\"image\/jpeg\" \/>\n<meta name=\"twitter:card\" content=\"summary_large_image\" \/>\n<meta name=\"twitter:label1\" content=\"Est. reading time\" \/>\n\t<meta name=\"twitter:data1\" content=\"5 minutes\" \/>\n<script type=\"application\/ld+json\" class=\"yoast-schema-graph\">{\"@context\":\"https:\/\/schema.org\",\"@graph\":[{\"@type\":\"WebPage\",\"@id\":\"https:\/\/julia-miglus.de\/therapie-3\/\",\"url\":\"https:\/\/julia-miglus.de\/therapie-3\/\",\"name\":\"Therapie - Julia Miglus\",\"isPartOf\":{\"@id\":\"https:\/\/julia-miglus.de\/#website\"},\"primaryImageOfPage\":{\"@id\":\"https:\/\/julia-miglus.de\/therapie-3\/#primaryimage\"},\"image\":{\"@id\":\"https:\/\/julia-miglus.de\/therapie-3\/#primaryimage\"},\"thumbnailUrl\":\"https:\/\/julia-miglus.de\/wp-content\/uploads\/2023\/02\/cor22-int-lavendel-825x510px.jpg\",\"datePublished\":\"2023-02-22T13:02:40+00:00\",\"dateModified\":\"2026-04-17T17:22:32+00:00\",\"description\":\"Heilung, Heilpraxis, Therapie, Gleichgewicht, Gesundheit, Balance, Behandlung, Therapie, Osteopathie, Verspannung, Healing, health, therapy\",\"breadcrumb\":{\"@id\":\"https:\/\/julia-miglus.de\/therapie-3\/#breadcrumb\"},\"inLanguage\":\"en-US\",\"potentialAction\":[{\"@type\":\"ReadAction\",\"target\":[\"https:\/\/julia-miglus.de\/therapie-3\/\"]}]},{\"@type\":\"ImageObject\",\"inLanguage\":\"en-US\",\"@id\":\"https:\/\/julia-miglus.de\/therapie-3\/#primaryimage\",\"url\":\"https:\/\/julia-miglus.de\/wp-content\/uploads\/2023\/02\/cor22-int-lavendel-825x510px.jpg\",\"contentUrl\":\"https:\/\/julia-miglus.de\/wp-content\/uploads\/2023\/02\/cor22-int-lavendel-825x510px.jpg\",\"width\":825,\"height\":510,\"caption\":\"Lavendel\"},{\"@type\":\"BreadcrumbList\",\"@id\":\"https:\/\/julia-miglus.de\/therapie-3\/#breadcrumb\",\"itemListElement\":[{\"@type\":\"ListItem\",\"position\":1,\"name\":\"Startseite\",\"item\":\"https:\/\/julia-miglus.de\/\"},{\"@type\":\"ListItem\",\"position\":2,\"name\":\"Therapie\"}]},{\"@type\":\"WebSite\",\"@id\":\"https:\/\/julia-miglus.de\/#website\",\"url\":\"https:\/\/julia-miglus.de\/\",\"name\":\"Julia Miglus\",\"description\":\"K\u00f6rperarbeit. Therapie\",\"potentialAction\":[{\"@type\":\"SearchAction\",\"target\":{\"@type\":\"EntryPoint\",\"urlTemplate\":\"https:\/\/julia-miglus.de\/?s={search_term_string}\"},\"query-input\":{\"@type\":\"PropertyValueSpecification\",\"valueRequired\":true,\"valueName\":\"search_term_string\"}}],\"inLanguage\":\"en-US\"}]}<\/script>\n<!-- \/ Yoast SEO plugin. -->","yoast_head_json":{"title":"Therapie - Julia Miglus","robots":{"index":"index","follow":"follow","max-snippet":"max-snippet:-1","max-image-preview":"max-image-preview:large","max-video-preview":"max-video-preview:-1"},"canonical":"https:\/\/julia-miglus.de\/therapie-3\/","og_locale":"en_US","og_type":"article","og_title":"Therapie - Julia Miglus","og_url":"https:\/\/julia-miglus.de\/therapie-3\/","og_site_name":"Julia Miglus","article_modified_time":"2026-04-17T17:22:32+00:00","og_image":[{"width":825,"height":510,"url":"https:\/\/julia-miglus.de\/wp-content\/uploads\/2023\/02\/cor22-int-lavendel-825x510px.jpg","type":"image\/jpeg"}],"twitter_card":"summary_large_image","twitter_misc":{"Est. reading time":"5 minutes"},"schema":{"@context":"https:\/\/schema.org","@graph":[{"@type":"WebPage","@id":"https:\/\/julia-miglus.de\/therapie-3\/","url":"https:\/\/julia-miglus.de\/therapie-3\/","name":"Therapie - Julia Miglus","isPartOf":{"@id":"https:\/\/julia-miglus.de\/#website"},"primaryImageOfPage":{"@id":"https:\/\/julia-miglus.de\/therapie-3\/#primaryimage"},"image":{"@id":"https:\/\/julia-miglus.de\/therapie-3\/#primaryimage"},"thumbnailUrl":"https:\/\/julia-miglus.de\/wp-content\/uploads\/2023\/02\/cor22-int-lavendel-825x510px.jpg","datePublished":"2023-02-22T13:02:40+00:00","dateModified":"2026-04-17T17:22:32+00:00","description":"Heilung, Heilpraxis, Therapie, Gleichgewicht, Gesundheit, Balance, Behandlung, Therapie, Osteopathie, Verspannung, Healing, health, therapy","breadcrumb":{"@id":"https:\/\/julia-miglus.de\/therapie-3\/#breadcrumb"},"inLanguage":"en-US","potentialAction":[{"@type":"ReadAction","target":["https:\/\/julia-miglus.de\/therapie-3\/"]}]},{"@type":"ImageObject","inLanguage":"en-US","@id":"https:\/\/julia-miglus.de\/therapie-3\/#primaryimage","url":"https:\/\/julia-miglus.de\/wp-content\/uploads\/2023\/02\/cor22-int-lavendel-825x510px.jpg","contentUrl":"https:\/\/julia-miglus.de\/wp-content\/uploads\/2023\/02\/cor22-int-lavendel-825x510px.jpg","width":825,"height":510,"caption":"Lavendel"},{"@type":"BreadcrumbList","@id":"https:\/\/julia-miglus.de\/therapie-3\/#breadcrumb","itemListElement":[{"@type":"ListItem","position":1,"name":"Startseite","item":"https:\/\/julia-miglus.de\/"},{"@type":"ListItem","position":2,"name":"Therapie"}]},{"@type":"WebSite","@id":"https:\/\/julia-miglus.de\/#website","url":"https:\/\/julia-miglus.de\/","name":"Julia Miglus","description":"K\u00f6rperarbeit. Therapie","potentialAction":[{"@type":"SearchAction","target":{"@type":"EntryPoint","urlTemplate":"https:\/\/julia-miglus.de\/?s={search_term_string}"},"query-input":{"@type":"PropertyValueSpecification","valueRequired":true,"valueName":"search_term_string"}}],"inLanguage":"en-US"}]}},"_links":{"self":[{"href":"https:\/\/julia-miglus.de\/en\/wp-json\/wp\/v2\/pages\/1569","targetHints":{"allow":["GET"]}}],"collection":[{"href":"https:\/\/julia-miglus.de\/en\/wp-json\/wp\/v2\/pages"}],"about":[{"href":"https:\/\/julia-miglus.de\/en\/wp-json\/wp\/v2\/types\/page"}],"author":[{"embeddable":true,"href":"https:\/\/julia-miglus.de\/en\/wp-json\/wp\/v2\/users\/1"}],"replies":[{"embeddable":true,"href":"https:\/\/julia-miglus.de\/en\/wp-json\/wp\/v2\/comments?post=1569"}],"version-history":[{"count":25,"href":"https:\/\/julia-miglus.de\/en\/wp-json\/wp\/v2\/pages\/1569\/revisions"}],"predecessor-version":[{"id":2511,"href":"https:\/\/julia-miglus.de\/en\/wp-json\/wp\/v2\/pages\/1569\/revisions\/2511"}],"wp:featuredmedia":[{"embeddable":true,"href":"https:\/\/julia-miglus.de\/en\/wp-json\/wp\/v2\/media\/1377"}],"wp:attachment":[{"href":"https:\/\/julia-miglus.de\/en\/wp-json\/wp\/v2\/media?parent=1569"}],"curies":[{"name":"wp","href":"https:\/\/api.w.org\/{rel}","templated":true}]}}