{"id":1481,"date":"2023-02-20T22:25:19","date_gmt":"2023-02-20T21:25:19","guid":{"rendered":"https:\/\/julia-miglus.de\/?page_id=1481"},"modified":"2026-04-01T13:27:54","modified_gmt":"2026-04-01T11:27:54","slug":"workshops-retreats","status":"publish","type":"page","link":"https:\/\/julia-miglus.de\/en\/workshops-retreats\/","title":{"rendered":"Workshops \u2013 Retreats"},"content":{"rendered":"\n<div style=\"height:10px\" aria-hidden=\"true\" class=\"wp-block-spacer\"><\/div>\n\n\n\n<p><\/p>\n\n\n\n<div class=\"wp-block-buttons is-layout-flex wp-block-buttons-is-layout-flex\">\n<div class=\"wp-block-button is-style-fill\"><a class=\"wp-block-button__link has-bright-blue-background-color has-background wp-element-button\" href=\"https:\/\/www.eversports.de\/org\/widget\/0b839071-fb6b-4ecd-9e02-7505308d3b9c?venueId=2e3b9baa-3347-4c62-9299-3d8c2bf18a25\" target=\"_blank\" rel=\"noreferrer noopener\">Buchung<\/a><\/div>\n<\/div>\n\n\n\n<p><\/p>\n\n\n\n<h2 class=\"wp-block-heading\"><\/h2>\n\n\n\n<h2 class=\"wp-block-heading\">Mini-<strong>Workshops&nbsp;<\/strong>SOMATISCHES FASZIENTRAINING<\/h2>\n\n\n\n<p>Ziel f\u00fcr diesem zweist\u00fcndigen Workshop ist das Ankommen in der Tiefenentspannung. Es werden einfache Methoden zur Selbstbehandlung vermittelt und tiefe Zusammenh\u00e4nge des K\u00f6rpers erkl\u00e4rt. Wir dehnen, behandeln und aktivieren das Fasziensystem mit ganzheitlichen und sanften Techniken f\u00fcr eine ausgewogene K\u00f6rperspannung, gr\u00f6\u00dfere Beweglichkeit und Entgiftung unseres Bindegewebes.&nbsp;<br>Faszienrollen, Igelb\u00e4lle und andere Hilfsmittel kommen zum Einsatz. Das Ankommen im K\u00f6rper erm\u00f6glicht uns Regeneration und st\u00e4rkt unsere inneren Kr\u00e4fte. Alte Bewegungsmuster k\u00f6nnen sich l\u00f6sen und dadurch neue Kraft- und Bewegungsketten aufgebaut werden. <br>Somatisches Faszientraining empfiehlt sich bei Verspannungen, Stress, chronischen Schmerzen, Arthrosen und nach Operationen oder Unf\u00e4llen \u2013 oder einfach generell zur St\u00e4rkung unseres zentrierten K\u00f6rpergef\u00fchls und unserer Balance.<\/p>\n\n\n\n<p><strong><strong>21.03.26<\/strong><\/strong>, SA 11.00 -13.00&nbsp;<strong><strong>cornus am mahler<\/strong><\/strong>, Mahlerstr.36, 13088 Berlin<br><strong><strong>30.05.26<\/strong><\/strong>, SA 11.00 -13.00&nbsp;<strong><strong>cornus remise<\/strong><\/strong>, Gustav-Adolf-Str.159, 13086 Berlin<br><strong><strong>12.09.26<\/strong><\/strong>, SA 11.00 -13.00&nbsp;<strong><strong>cornus am mahler<\/strong><\/strong>, Mahlerstr.36, 13088 Berlin<br><strong><strong>05.12.26<\/strong><\/strong>, SA 11.00 -13.00&nbsp;<strong><strong>cornus am mahler<\/strong><\/strong>, Mahlerstr.36, 13088 Berlin<\/p>\n\n\n\n<p>Kosten: 40\u20ac (Anmeldung 30 Tage vorher 35\u20ac), Online 35\u20ac<\/p>\n\n\n\n<p><strong>ONLIN<\/strong>E<br><a href=\"https:\/\/us02web.zoom.us\/j\/85294651500\">https:\/\/us02web.zoom.us\/j\/85294651500<\/a><\/p>\n\n\n\n<p>Die Workshops k\u00f6nnen auch online gebucht werden<br>F\u00fcr die Online-Teilnahme von zu Hause&nbsp;ben\u00f6tigst Du folgende Ger\u00e4te:<br><strong>Igelball<\/strong>, Durchmesser ca. 8cm, am besten aus Silikon, z.B. von Sissel<br><strong>gro\u00dfe Faszien- oder Pilatesrolle<\/strong>&nbsp;Durchmesser ca. 15cm<br><strong>Minirolle<\/strong>, z.B. von Blackroll, Durchmesser ca. 5cm, alternativ Besenstil oder Nudelholz<br><strong>Duoball<\/strong>, Durchmesser ca.8cm, alternativ gro\u00dfe Faszien-\/Pilatesrolle<\/p>\n\n\n\n<p>\u2026<\/p>\n\n\n\n<h2 class=\"wp-block-heading\"><strong>Workshop&nbsp;<\/strong>DEEP FLOW<\/h2>\n\n\n\n<p><strong>Tai Chi und Osteopathische Faszienarbeit<\/strong><\/p>\n\n\n\n<p>Yuki Tanji (Plustaichi, Tanz) und Julia Miglus (Faszienarbeit, Osteopathie) fusionieren Wissen und Techniken aus unterschiedlichen Bereichen&nbsp;zu neuem Bewegungsbewusstsein. Langsame flie\u00dfende Bewegungen in Verbindung mit dem L\u00f6sen von Blockaden er\u00f6ffnen neue und verdeckte Ebenen in der K\u00f6rperwahrnehmung. <\/p>\n\n\n\n<p><strong>Kempten<\/strong>&nbsp;<br>im Rahmen des Kemptner Tanzherbst&nbsp;&nbsp;<a href=\"https:\/\/www.tanzherbst-kempten.de\/\">tanzherbst-kempten.de<\/a><br><strong>Berlin<\/strong>&nbsp;<br>Daten 2026 werden noch bekannt gegeben<\/p>\n\n\n\n<p>\u2026<\/p>\n\n\n\n<figure class=\"wp-block-image size-full is-resized rund\"><img loading=\"lazy\" decoding=\"async\" width=\"307\" height=\"307\" src=\"https:\/\/julia-miglus.de\/wp-content\/uploads\/trois-worksh1.jpg\" alt=\"\" class=\"wp-image-1987\" style=\"width:252px;height:auto\"\/><\/figure>\n\n\n\n<h2 class=\"wp-block-heading\"><\/h2>\n\n\n\n<h2 class=\"wp-block-heading\"><strong>Retreat <\/strong>KRAFT, RUHE, AUFTANKEN<\/h2>\n\n\n\n<p><strong><strong>Yoga und Faszientraining in den Bergen<\/strong><br>1.9.-6.9.2026&nbsp;<\/strong>auf der&nbsp;<a href=\"https:\/\/www.seminarzentrum-riederalp.de\/\">Riederalp<\/a>&nbsp;, 870509 Immenstadt<\/p>\n\n\n\n<p>Wir laden Euch ein, gemeinsam eine Woche im Allg\u00e4u auf der Riederalp zu verbringen, zum Innehalten und Auftanken. Es warten auf Dich ACHTSAMES YOGA mit Piu und SOMATISCHES FASZIENTRAINING mit Julia. Wir aktivieren unsere inneren Kr\u00e4fte und kommen in tiefer K\u00f6rperentspannung an. Dadurch entsteht Raum f\u00fcr Ver\u00e4nderung, Regeneration und Neuorganisation.<br>Dazwischen gibt es Zeit f\u00fcr Wanderungen mitten im Naturpark Nagelfluhkette, Baden im Alpsee oder einfach nur zum Lesen oder Nichtstun.<br>Auf der abgelegenen Riederalp gibt es einen gro\u00dfen sch\u00f6nen Yogaraum, Aufenthaltsr\u00e4ume wie eine Bibliothek, vegetarisches Essen und nat\u00fcrlich wundersch\u00f6ne Natur. In der Abgeschiedenheit, mitten im Naturpark am Ende einer Stra\u00dfe und somit ohne jeden Durchgangsverkehr, ist die Riederalp der ideale Ort, um Ruhe zu finden. Der perfekte R\u00fcckzugsort in den Bergen des Allg\u00e4us.<br>Du kannst entweder mit der Bahn anreisen und weiter zu Fu\u00df (Bahnhof Immenstadt 1,5km entfernt) \u2013 oder mit dem Taxi.<\/p>\n\n\n\n<p>mit&nbsp;<strong><a href=\"https:\/\/heilremise.de\/\">Piu Haubner<\/a><\/strong>&nbsp;und Julia Miglus<\/p>\n\n\n\n<p><strong>Retreat<\/strong>&nbsp;390\u20ac&nbsp;<strong>Unterkunft<\/strong>&nbsp;pro Person (5 x \u00dcbernachtung, Essen, Kurtaxe), EZ (1P\/Zi) 630\u20ac, DZ (2P\/Zi) 537,50\u20ac, 3-4P\/Zi 510\u20ac, (Gemeinschaftsbad), 15\u20ac Set Bettw\u00e4sche + Handt\u00fccher&nbsp;<br>Anmeldung&nbsp;&nbsp;&nbsp;<a href=\"mailto:info@julia-miglus.de\">info@julia-miglus.de<\/a>&nbsp;\u2013&nbsp;maximal 20 Teilnehmer*innen&nbsp;<\/p>\n\n\n\n<p>\u2026<\/p>\n\n\n\n<h2 class=\"wp-block-heading\"><strong>Retreat <strong>GANZHEITLICHES GESUNDHEITSWOCHENEND<\/strong><\/strong>E<\/h2>\n\n\n\n<p><strong>Faszientraining, Yoga und Ern\u00e4hrungsberatung in Oder-Spree&nbsp;<\/strong><br><strong>13.-15.11.2026<\/strong>, im <a href=\"https:\/\/www.gut-klostermuehle.com\/home\/\">Gut Klosterm\u00fchle<\/a> , 15518 Alt Madlitz<\/p>\n\n\n\n<p>Wir wollen mit Dir ein entspanntes Wochenende in der sch\u00f6nen und erholsamen Atmosph\u00e4re des Naturresorts Gut Klosterm\u00fchle verbringen.<br>Auf Dich warten Osteopathisches Faszientraining und Yogastunden zur Entspannung und Kr\u00e4ftigung. Au\u00dferdem wirst Du mit interessanten Themen \u00fcber Ern\u00e4hrung und Gesundheit informiert. Ein Spa mit Saunabereich und Schwimmbad, sowie gutes Essen und eine wundersch\u00f6ne Natur vervollst\u00e4ndigen das Wochenende zum Verw\u00f6hnen und Auftanken.<br>Anreise&nbsp;mit der Bahn (Shuttleservice Bahnhof Briesen) oder mit dem Auto, Freitag um 15.00&nbsp;\u2013 Abreise am Sonntag individuell&nbsp;<\/p>\n\n\n\n<p>mit&nbsp;<strong><a href=\"http:\/\/www.ganzheitlichephysiotherapieberlin.de\">Nadin Worms<\/a><\/strong>&nbsp;und Julia Miglus<\/p>\n\n\n\n<p><strong>Retreat<\/strong>&nbsp;245\u20ac \u2013 auch als Pr\u00e4ventionsangebot, <strong>Unterkunft<\/strong>&nbsp;Halbpension (Fr\u00fchst\u00fccksbrunch und 3-G\u00e4nge-Abendessen), 178\u20ac&nbsp;\u2013 Einzelzimmer pro Nacht, 116,50\u20ac&nbsp;\u2013 Doppelzimmer pro Person pro Nacht<\/p>\n\n\n\n<p>Anmeldung&nbsp;&nbsp;&nbsp;<a href=\"mailto:nadinphysio@gmail.com\">nadinphysio@gmail.com<\/a>&nbsp;\u2013&nbsp;maximal 22 Teilnehmer*innen&nbsp;<\/p>\n\n\n\n<p>\u2026<\/p>\n\n\n\n<h2 class=\"wp-block-heading\"><strong><strong><strong>Retreat RUHE &amp; REGENERATIO<\/strong><\/strong><\/strong>N<\/h2>\n\n\n\n<p><strong><strong>Faszientraining, Yin Yoga und Meditation im Fl\u00e4ming<\/strong><\/strong><br>Daten 2026 werden noch bekannt gegeben<br>im&nbsp;<a href=\"http:\/\/www.kulturhofklasdorf.de\/\">Kulturhof Klasdorf<\/a>&nbsp;, 15837 Klasdorf<\/p>\n\n\n\n<p>Gemeinsam in der ruhigen Atmosph\u00e4re&nbsp;des Kulturhofes Klasdorf m\u00f6chten&nbsp;wir mit Dir im Herbst f\u00fcr 3 Tage zur Ruhe kommen, in die Tiefenentspannung \u2013&nbsp;mit Somatischem Faszientraining, Yin Yoga und Meditation.<br>Wir werden einfache \u00dcbungen zum L\u00f6sen von Verspannungen und Sitz- und Atemmediationen erlernen und praktizieren. F\u00fcr Regeneration und den Blick nach innen verbringen wir bewusst Zeit miteinander \u2013 kochend, redend und schweigend.&nbsp;<br>Au\u00dferdem warten auf Dich Spazierg\u00e4nge in der Natur und ausreichende Ruhepausen.<br>Du kannst entweder mit der Bahn anreisen (Bahnhof ca. 10 Gehminuten entfernt) \u2013 oder mit dem Auto. Fahrgemeinschaften&nbsp;sind sehr willkommen.<\/p>\n\n\n\n<p>mit&nbsp;<strong><a href=\"http:\/\/kornel-miglus.de\/\">Kornel Miglus<\/a><\/strong>&nbsp;und Julia Miglus<\/p>\n\n\n\n<p><strong>Retreat<\/strong>&nbsp;240\u20ac,&nbsp;<strong>Verpflegung<\/strong>&nbsp;wir kochen gemeinsam &#8211; Verpflegungspauschale 25\u20ac\/Tag<br><strong>Unterkunft<\/strong>&nbsp;pro Person, EZ 28\u20ac\/Nacht, DZ 23\u20ac\/Nacht<\/p>\n\n\n\n<p>Anmeldung&nbsp;&nbsp;&nbsp;<a>kornel.miglus@gmail.com<\/a>&nbsp;\u2013&nbsp;maximal 10 Teilnehmer*innen&nbsp;<\/p>\n\n\n\n<p>\u2026<\/p>\n\n\n\n<h2 class=\"wp-block-heading\"><strong>Retreat AUFTANKEN<\/strong><br><\/h2>\n\n\n\n<p><strong>Faszientraining, Yin Yoga und Pilates im Havelland&nbsp;<\/strong><br><strong>Daten 2027 werde noch bekannt gegeben<strong> <\/strong><\/strong>in <a href=\"https:\/\/hausbirnbaum.de\">Haus Birnbaum<\/a>, 14550 Gro\u00df Kreutz<br>NOCH WENIGE PL\u00c4TZE FREI!<\/p>\n\n\n\n<p>Zusammen in der entspannten Atmosph\u00e4re des Yogahauses Birnbaum lade ich Dich ein, 2 Tage innezuhalten und aufzutanken \u2013&nbsp;mit Somatischem Faszientraining, Yoga und Pilates.<br>An diesem Wochenende warten auf Dich sanfte \u00dcbungen und Methoden zur Selbstbehandlung, um Dir und Deinem K\u00f6rper Zeit f\u00fcr Regeneration und Entspannung zu schenken. So kannst Du ankommen, entschleunigen und Energie-Ressourcen aktivieren. Durch Faszienarbeit l\u00f6sen wir Verspannungen und entgiften das Tiefengewebe, mit Pilates-\u00dcbungen lernen wir Kraft aus unserem K\u00f6rperzentrum aufzubauen und mit einfachen Yin Yoga-\u00dcbungen k\u00f6nnen wir f\u00fcr uns und unser Gewebe neu ausrichten.<br>Au\u00dferdem gibt es ganzheitliches biologisches Essen (Brunch, Kuchen, Dinner) und eine wundersch\u00f6ne Umgebung f\u00fcr Spazierg\u00e4nge bis zur Havel mit ausreichenden Ruhepausen dazwischen. Du kannst entweder mit der Bahn anreisen (Bahnhof 4km entfernt \u2013 dann mit dem Rad oder einem Shuttleservice) \u2013 oder mit dem Auto. Da es wenig Parkpl\u00e4tze gibt, sind Fahrgemeinschaften sehr willkommen.<\/p>\n\n\n\n<p><strong>Retreat<\/strong>&nbsp;190\u20ac \u2013 auch als Pr\u00e4ventionsangebot <br><strong>Verpflegung<\/strong>&nbsp;55,50\u20ac pro Tag \u2013 vegan, glutenfrei oder allergiespezifisch 5\u20ac\/d Aufpreis, <br><strong>Unterkunft<\/strong>&nbsp;2 N\u00e4chte \u2013 pro Person: DZ mit Gemeinschaftsbad&nbsp;72,50\u20ac,&nbsp;DZ mit Bad&nbsp;97,50<s>\u20ac<\/s>, EZ mit Gemeinschaftsbad&nbsp;105\u20ac, W\u00e4schepaket 20\u20ac&nbsp;&nbsp;&nbsp;&nbsp;<\/p>\n\n\n\n<p>Anmeldung&nbsp;&nbsp;<a href=\"mailto:info@cornus-berlin.de\">info@julia-miglus.de<\/a>&nbsp;\u2013 maximal 14 Teilnehmer*innen<\/p>\n\n\n\n<p>&#8230;<\/p>\n\n\n\n<h2 class=\"wp-block-heading\"><strong>DIR GEFALLEN MEIN ANGEBOT UND MEIN ORT?<\/strong><\/h2>\n\n\n\n<p>Dann freue ich mich \u00fcber eine Bewertung bei GOOGLE MAPS. Herzlichen Dank! Julia<\/p>\n","protected":false},"excerpt":{"rendered":"<p>Mini-Workshops&nbsp;SOMATISCHES FASZIENTRAINING Ziel f\u00fcr diesem zweist\u00fcndigen Workshop ist das Ankommen in der Tiefenentspannung. Es werden einfache Methoden zur Selbstbehandlung vermittelt und tiefe Zusammenh\u00e4nge des K\u00f6rpers erkl\u00e4rt. Wir dehnen, behandeln und aktivieren das Fasziensystem mit ganzheitlichen und sanften Techniken f\u00fcr eine ausgewogene K\u00f6rperspannung, gr\u00f6\u00dfere Beweglichkeit und Entgiftung unseres Bindegewebes.&nbsp;Faszienrollen, Igelb\u00e4lle und andere Hilfsmittel kommen zum Einsatz. &hellip; <a href=\"https:\/\/julia-miglus.de\/en\/workshops-retreats\/\" class=\"more-link\">Continue reading <span class=\"screen-reader-text\">Workshops \u2013 Retreats<\/span><\/a><\/p>\n","protected":false},"author":1,"featured_media":1375,"parent":0,"menu_order":0,"comment_status":"closed","ping_status":"closed","template":"","meta":{"footnotes":""},"class_list":["post-1481","page","type-page","status-publish","has-post-thumbnail","hentry"],"translation":{"provider":"WPGlobus","version":"3.0.0","language":"en","enabled_languages":["de","en"],"languages":{"de":{"title":true,"content":true,"excerpt":false},"en":{"title":false,"content":false,"excerpt":false}}},"yoast_head":"<!-- This site is optimized with the Yoast SEO plugin v25.3.1 - https:\/\/yoast.com\/wordpress\/plugins\/seo\/ -->\n<title>Workshops \u2013 Retreats - Julia Miglus<\/title>\n<meta name=\"robots\" content=\"index, follow, max-snippet:-1, max-image-preview:large, max-video-preview:-1\" \/>\n<link rel=\"canonical\" href=\"https:\/\/julia-miglus.de\/workshops-retreats\/\" \/>\n<meta property=\"og:locale\" content=\"en_US\" \/>\n<meta property=\"og:type\" content=\"article\" \/>\n<meta property=\"og:title\" content=\"Workshops \u2013 Retreats - Julia Miglus\" \/>\n<meta property=\"og:url\" content=\"https:\/\/julia-miglus.de\/workshops-retreats\/\" \/>\n<meta property=\"og:site_name\" content=\"Julia Miglus\" \/>\n<meta property=\"article:modified_time\" content=\"2026-04-01T11:27:54+00:00\" \/>\n<meta property=\"og:image\" content=\"https:\/\/julia-miglus.de\/wp-content\/uploads\/2023\/02\/cor22-class-handsair-825x510px.jpg\" \/>\n\t<meta property=\"og:image:width\" content=\"821\" \/>\n\t<meta property=\"og:image:height\" content=\"510\" \/>\n\t<meta property=\"og:image:type\" content=\"image\/jpeg\" \/>\n<meta name=\"twitter:card\" content=\"summary_large_image\" \/>\n<meta name=\"twitter:label1\" content=\"Est. reading time\" \/>\n\t<meta name=\"twitter:data1\" content=\"6 minutes\" \/>\n<script type=\"application\/ld+json\" class=\"yoast-schema-graph\">{\"@context\":\"https:\/\/schema.org\",\"@graph\":[{\"@type\":\"WebPage\",\"@id\":\"https:\/\/julia-miglus.de\/workshops-retreats\/\",\"url\":\"https:\/\/julia-miglus.de\/workshops-retreats\/\",\"name\":\"Workshops \u2013 Retreats - Julia Miglus\",\"isPartOf\":{\"@id\":\"https:\/\/julia-miglus.de\/#website\"},\"primaryImageOfPage\":{\"@id\":\"https:\/\/julia-miglus.de\/workshops-retreats\/#primaryimage\"},\"image\":{\"@id\":\"https:\/\/julia-miglus.de\/workshops-retreats\/#primaryimage\"},\"thumbnailUrl\":\"https:\/\/julia-miglus.de\/wp-content\/uploads\/2023\/02\/cor22-class-handsair-825x510px.jpg\",\"datePublished\":\"2023-02-20T21:25:19+00:00\",\"dateModified\":\"2026-04-01T11:27:54+00:00\",\"description\":\"Wochenende, Seminar, Praxis, \u00dcbungen, K\u00f6rperbewusstsein, K\u00f6rperwahrnehmung, Zen Mediation, Pilates, Faszien, Faszienarbeit, Yin Yoga, Retreat\",\"breadcrumb\":{\"@id\":\"https:\/\/julia-miglus.de\/workshops-retreats\/#breadcrumb\"},\"inLanguage\":\"en-US\",\"potentialAction\":[{\"@type\":\"ReadAction\",\"target\":[\"https:\/\/julia-miglus.de\/workshops-retreats\/\"]}]},{\"@type\":\"ImageObject\",\"inLanguage\":\"en-US\",\"@id\":\"https:\/\/julia-miglus.de\/workshops-retreats\/#primaryimage\",\"url\":\"https:\/\/julia-miglus.de\/wp-content\/uploads\/2023\/02\/cor22-class-handsair-825x510px.jpg\",\"contentUrl\":\"https:\/\/julia-miglus.de\/wp-content\/uploads\/2023\/02\/cor22-class-handsair-825x510px.jpg\",\"width\":821,\"height\":510,\"caption\":\"H\u00e4nde\"},{\"@type\":\"BreadcrumbList\",\"@id\":\"https:\/\/julia-miglus.de\/workshops-retreats\/#breadcrumb\",\"itemListElement\":[{\"@type\":\"ListItem\",\"position\":1,\"name\":\"Startseite\",\"item\":\"https:\/\/julia-miglus.de\/\"},{\"@type\":\"ListItem\",\"position\":2,\"name\":\"Workshops \u2013 Retreats\"}]},{\"@type\":\"WebSite\",\"@id\":\"https:\/\/julia-miglus.de\/#website\",\"url\":\"https:\/\/julia-miglus.de\/\",\"name\":\"Julia Miglus\",\"description\":\"K\u00f6rperarbeit. Therapie\",\"potentialAction\":[{\"@type\":\"SearchAction\",\"target\":{\"@type\":\"EntryPoint\",\"urlTemplate\":\"https:\/\/julia-miglus.de\/?s={search_term_string}\"},\"query-input\":{\"@type\":\"PropertyValueSpecification\",\"valueRequired\":true,\"valueName\":\"search_term_string\"}}],\"inLanguage\":\"en-US\"}]}<\/script>\n<!-- \/ Yoast SEO plugin. -->","yoast_head_json":{"title":"Workshops \u2013 Retreats - Julia Miglus","robots":{"index":"index","follow":"follow","max-snippet":"max-snippet:-1","max-image-preview":"max-image-preview:large","max-video-preview":"max-video-preview:-1"},"canonical":"https:\/\/julia-miglus.de\/workshops-retreats\/","og_locale":"en_US","og_type":"article","og_title":"Workshops \u2013 Retreats - Julia Miglus","og_url":"https:\/\/julia-miglus.de\/workshops-retreats\/","og_site_name":"Julia Miglus","article_modified_time":"2026-04-01T11:27:54+00:00","og_image":[{"width":821,"height":510,"url":"https:\/\/julia-miglus.de\/wp-content\/uploads\/2023\/02\/cor22-class-handsair-825x510px.jpg","type":"image\/jpeg"}],"twitter_card":"summary_large_image","twitter_misc":{"Est. reading time":"6 minutes"},"schema":{"@context":"https:\/\/schema.org","@graph":[{"@type":"WebPage","@id":"https:\/\/julia-miglus.de\/workshops-retreats\/","url":"https:\/\/julia-miglus.de\/workshops-retreats\/","name":"Workshops \u2013 Retreats - Julia Miglus","isPartOf":{"@id":"https:\/\/julia-miglus.de\/#website"},"primaryImageOfPage":{"@id":"https:\/\/julia-miglus.de\/workshops-retreats\/#primaryimage"},"image":{"@id":"https:\/\/julia-miglus.de\/workshops-retreats\/#primaryimage"},"thumbnailUrl":"https:\/\/julia-miglus.de\/wp-content\/uploads\/2023\/02\/cor22-class-handsair-825x510px.jpg","datePublished":"2023-02-20T21:25:19+00:00","dateModified":"2026-04-01T11:27:54+00:00","description":"Wochenende, Seminar, Praxis, \u00dcbungen, K\u00f6rperbewusstsein, K\u00f6rperwahrnehmung, Zen Mediation, Pilates, Faszien, Faszienarbeit, Yin Yoga, Retreat","breadcrumb":{"@id":"https:\/\/julia-miglus.de\/workshops-retreats\/#breadcrumb"},"inLanguage":"en-US","potentialAction":[{"@type":"ReadAction","target":["https:\/\/julia-miglus.de\/workshops-retreats\/"]}]},{"@type":"ImageObject","inLanguage":"en-US","@id":"https:\/\/julia-miglus.de\/workshops-retreats\/#primaryimage","url":"https:\/\/julia-miglus.de\/wp-content\/uploads\/2023\/02\/cor22-class-handsair-825x510px.jpg","contentUrl":"https:\/\/julia-miglus.de\/wp-content\/uploads\/2023\/02\/cor22-class-handsair-825x510px.jpg","width":821,"height":510,"caption":"H\u00e4nde"},{"@type":"BreadcrumbList","@id":"https:\/\/julia-miglus.de\/workshops-retreats\/#breadcrumb","itemListElement":[{"@type":"ListItem","position":1,"name":"Startseite","item":"https:\/\/julia-miglus.de\/"},{"@type":"ListItem","position":2,"name":"Workshops \u2013 Retreats"}]},{"@type":"WebSite","@id":"https:\/\/julia-miglus.de\/#website","url":"https:\/\/julia-miglus.de\/","name":"Julia Miglus","description":"K\u00f6rperarbeit. Therapie","potentialAction":[{"@type":"SearchAction","target":{"@type":"EntryPoint","urlTemplate":"https:\/\/julia-miglus.de\/?s={search_term_string}"},"query-input":{"@type":"PropertyValueSpecification","valueRequired":true,"valueName":"search_term_string"}}],"inLanguage":"en-US"}]}},"_links":{"self":[{"href":"https:\/\/julia-miglus.de\/en\/wp-json\/wp\/v2\/pages\/1481","targetHints":{"allow":["GET"]}}],"collection":[{"href":"https:\/\/julia-miglus.de\/en\/wp-json\/wp\/v2\/pages"}],"about":[{"href":"https:\/\/julia-miglus.de\/en\/wp-json\/wp\/v2\/types\/page"}],"author":[{"embeddable":true,"href":"https:\/\/julia-miglus.de\/en\/wp-json\/wp\/v2\/users\/1"}],"replies":[{"embeddable":true,"href":"https:\/\/julia-miglus.de\/en\/wp-json\/wp\/v2\/comments?post=1481"}],"version-history":[{"count":183,"href":"https:\/\/julia-miglus.de\/en\/wp-json\/wp\/v2\/pages\/1481\/revisions"}],"predecessor-version":[{"id":2490,"href":"https:\/\/julia-miglus.de\/en\/wp-json\/wp\/v2\/pages\/1481\/revisions\/2490"}],"wp:featuredmedia":[{"embeddable":true,"href":"https:\/\/julia-miglus.de\/en\/wp-json\/wp\/v2\/media\/1375"}],"wp:attachment":[{"href":"https:\/\/julia-miglus.de\/en\/wp-json\/wp\/v2\/media?parent=1481"}],"curies":[{"name":"wp","href":"https:\/\/api.w.org\/{rel}","templated":true}]}}